{"id":129,"date":"2017-07-09T13:26:18","date_gmt":"2017-07-09T11:26:18","guid":{"rendered":"https:\/\/claudia-cornelie-cebulla.de\/?page_id=129"},"modified":"2018-10-20T08:58:51","modified_gmt":"2018-10-20T06:58:51","slug":"verleihung-des-ehrenzeichens","status":"publish","type":"page","link":"https:\/\/claudia-cornelie-cebulla.de\/?page_id=129","title":{"rendered":"Verleihung des Ehrenzeichens"},"content":{"rendered":"<p><strong>Ehrenzeichen des Bayerischen Ministerpr\u00e4sidenten f\u00fcr Claudia Cebulla und Hubert Braun<\/strong><\/p>\n<p>Landkreis Schweinfurt. Staatssekret\u00e4r Gerhard Eck hat gemeinsam mit Regierungspr\u00e4sident Dr. Paul Beinhofer und im Beisein von Landrat Florian T\u00f6pper am Donnerstag, den 24. November 2016 um 12.00 Uhr im F\u00fcrstensaal der Residenz, Residenzplatz 2, 97070 W\u00fcrzburg den Landkreisb\u00fcrgern Claudia Cebulla und Hubert Braun das Ehrenzeichen des Bayerischen Ministerpr\u00e4sidenten f\u00fcr Verdienste von im Ehrenamt t\u00e4tigen Frauen und M\u00e4nnern \u00fcberreicht.<\/p>\n<p>Claudia Cebulla (69) aus Geldersheim war von 2002 bis 2010 Mitglied des Gemeinderates Geldersheim und setzte sich f\u00fcr die Belange der B\u00fcrger ein. Im Rahmen der Dorferneuerung wurden die \u201eGaden\u201c, die ehemaligen Lagerh\u00e4uschen der historischen Kirchenburg, aufwendig renoviert. Im daraus entstandenen Gadenverein Geldersheim e. V. war sie von der Gr\u00fcndung des Vereins im Jahre 1994 bis ins Jahr 2010 Erste Vorsitzende und ist dies wieder seit 2012. In dieser Funktion verhandelt sie mit den beteiligten K\u00fcnstlern und engagiert diese. Sie gilt als Initiatorin von Kleinkunstb\u00fchne, Kunstausstellungen und Vernissagen. F\u00fcr den Gadenverein ist sie Gr\u00fcndungsmitglied, Motor und Gesicht. Ohne ihre Verbindungen zur K\u00fcnstlerschaft und ihren aufwendigen Einsatz w\u00e4ren die vielf\u00e4ltigen Veranstaltungen nicht m\u00f6glich. Des Weiteren legt sie die \u00d6ffnungszeiten der Gadengalerie fest und organisiert das Gadenfest. Auch k\u00fcmmert sie sich um Malkurse f\u00fcr Erwachsene und Kinder in den Gaden. Mit Ihrer Arbeit bringt sie kulturelles Leben in die Geldersheimer Gaden. In den Jahren 2002 bis 2009 war Claudia Cebulla Beisitzerin des SPD-Ortsverbandes Geldersheim. Seit 2009 nimmt sie die Aufgabe der Revisorin wahr. Als Beisitzerin war sie in die Vorbereitung von Wahlen eingebunden, unterst\u00fctzte den Ortsverband bei der Vorbereitung und Durchf\u00fchrung der Sommerfeste sowie des Ferienspa\u00dfes.<\/p>\n<p><a href=\"https:\/\/claudia-cornelie-cebulla.de\/wp-content\/uploads\/2017\/03\/P1020427b.jpeg\"><img loading=\"lazy\" class=\"alignnone  wp-image-32\" src=\"https:\/\/claudia-cornelie-cebulla.de\/wp-content\/uploads\/2017\/03\/P1020427b-221x300.jpeg\" alt=\"p1020427b\" width=\"283\" height=\"384\" srcset=\"https:\/\/claudia-cornelie-cebulla.de\/wp-content\/uploads\/2017\/03\/P1020427b-221x300.jpeg 221w, https:\/\/claudia-cornelie-cebulla.de\/wp-content\/uploads\/2017\/03\/P1020427b-753x1024.jpeg 753w, https:\/\/claudia-cornelie-cebulla.de\/wp-content\/uploads\/2017\/03\/P1020427b.jpeg 800w\" sizes=\"(max-width: 283px) 100vw, 283px\" \/><\/a><\/p>\n<p><em>v.l.n.r.: Staatssekret\u00e4r Gerhard Eck, Claudia Cebulla, Regierungspr\u00e4sident Dr. Paul Beinhofer<\/em><\/p>\n","protected":false},"excerpt":{"rendered":"<p>Ehrenzeichen des Bayerischen Ministerpr\u00e4sidenten f\u00fcr Claudia Cebulla und Hubert Braun Landkreis Schweinfurt. Staatssekret\u00e4r Gerhard Eck hat gemeinsam mit Regierungspr\u00e4sident Dr. Paul Beinhofer und im Beisein von Landrat Florian T\u00f6pper am Donnerstag, den 24. November 2016 um 12.00 Uhr im F\u00fcrstensaal der Residenz, Residenzplatz 2, 97070 W\u00fcrzburg den Landkreisb\u00fcrgern Claudia Cebulla und Hubert Braun das Ehrenzeichen &hellip; <a href=\"https:\/\/claudia-cornelie-cebulla.de\/?page_id=129\" class=\"more-link\"><span class=\"screen-reader-text\">Verleihung des Ehrenzeichens<\/span> weiterlesen<\/a><\/p>\n","protected":false},"author":2,"featured_media":0,"parent":0,"menu_order":0,"comment_status":"open","ping_status":"open","template":"","meta":[],"_links":{"self":[{"href":"https:\/\/claudia-cornelie-cebulla.de\/index.php?rest_route=\/wp\/v2\/pages\/129"}],"collection":[{"href":"https:\/\/claudia-cornelie-cebulla.de\/index.php?rest_route=\/wp\/v2\/pages"}],"about":[{"href":"https:\/\/claudia-cornelie-cebulla.de\/index.php?rest_route=\/wp\/v2\/types\/page"}],"author":[{"embeddable":true,"href":"https:\/\/claudia-cornelie-cebulla.de\/index.php?rest_route=\/wp\/v2\/users\/2"}],"replies":[{"embeddable":true,"href":"https:\/\/claudia-cornelie-cebulla.de\/index.php?rest_route=%2Fwp%2Fv2%2Fcomments&post=129"}],"version-history":[{"count":3,"href":"https:\/\/claudia-cornelie-cebulla.de\/index.php?rest_route=\/wp\/v2\/pages\/129\/revisions"}],"predecessor-version":[{"id":147,"href":"https:\/\/claudia-cornelie-cebulla.de\/index.php?rest_route=\/wp\/v2\/pages\/129\/revisions\/147"}],"wp:attachment":[{"href":"https:\/\/claudia-cornelie-cebulla.de\/index.php?rest_route=%2Fwp%2Fv2%2Fmedia&parent=129"}],"curies":[{"name":"wp","href":"https:\/\/api.w.org\/{rel}","templated":true}]}}